{"id":14,"date":"2025-09-08T15:09:30","date_gmt":"2025-09-08T15:09:30","guid":{"rendered":"https:\/\/www.stimos.org\/?page_id=14"},"modified":"2026-01-13T15:51:46","modified_gmt":"2026-01-13T15:51:46","slug":"algemene-voorwaarden","status":"publish","type":"page","link":"https:\/\/www.stimos.org\/?page_id=14","title":{"rendered":"Algemene Voorwaarden"},"content":{"rendered":"\n<h4 class=\"wp-block-heading\">Algemene voorwaarden Stimos hulpverlening<\/h4>\n\n\n\n<p><br><strong>Artikel 1. Begripsbepalingen<\/strong><br>De stichting : Stichting Maatschappelijk Opbouwwerk Spijkenisse, werkend onder de<br>naam \u201cSTIMOS hulpverlening\u201d<br>Cli\u00ebnt : Natuurlijke personen die zich met een hulpvraag tot de stichtingwenden en<br>die woonachtig zijn in de gemeenten Nissewaard of Brielle<br>Hulpvraag : een vraag omadvies of hulp van een cli\u00ebnt.<br>Werkgebied : Het werkgebied van de stichting bestaat uit vragen op gebied van financi\u00ebn,<br>zorg, belastingen, toeslagen, studiefinanciering, sociale zekerheid en<br>algemene juridische vraagstukken<br>Spreekuur : De openingstijden van de stichting (maandag tot en met vrijdag van 9 tot 12<br>en van 13 tot 15 uur)<br>Inloopspreekuur : De mogelijkheid zonder afspraak een hulpvraag te stellen (maandag tot en<br>met vrijdag van 9 tot 11:30 uur)<br>Toegangscodes : DIGID code, toegangscodes bankrekening, toegang e-mail en alle andere<br>persoonlijke codes van cli\u00ebnt<br><br><strong>Artikel 2. Hulpvragen<\/strong><br>2.1. Cli\u00ebnten kunnen zich tot de stichting wenden met hulpvragen binnen het werkgebied van de<br>stichting.<br>2.2. De stichting bepaalt of een hulpvraag tot het werkgebied van de stichting behoort<br>2.3. Hulpvragen worden op afspraak behandeld. Uitsluitend voor korte, eenmalige vragen kan<br>de stichting besluiten cli\u00ebnt direct te helpen. Dit kan echter uitsluitend indien het afspraken-<br>rooster daartoe ruimte biedt. Tijdens zo\u2019n inloopvraag kan slechts \u00e9\u00e9n vraag behandeld worden<br>en kan voor cli\u00ebnt \u00e9\u00e9n telefoongesprek gevoerd worden.<br>2.4. Als tijdens een inloopgesprek blijkt dat meer tijd nodig is dan 15 minuten, wordt met cli\u00ebnt<br>alsnog een afspraak gemaakt voor het spreekuur.<br>2.5. De stichting bepaalt of een hulpvraag kan worden behandeld. Als dit niet het geval is zal<br>de stichting zoveel mogelijk proberen cli\u00ebnt te verwijzen naar een andere organisatie.<br><br><strong>Artikel 3. Gebruik toegangscodes<\/strong><br>3.1. Toegangscodes worden uitsluitend gebruikt in aanwezigheid van cli\u00ebnt.<br>3.2. Cli\u00ebnt wordt verzocht voor zover mogelijk zelf toegangscodes in te voeren<br>3.3. Systemen die met toegangscodes geopend zijn worden in het bijzijn van cli\u00ebnt uitgelogd.<br>3.4. Cli\u00ebnt blijft zelf ten allen tijde aansprakelijk voor het gebruik van toegangscodes.<br>De stichting gaat hier zeer discreet en nauwkeurig mee om en slaat geen codes van cli\u00ebnt op,<br>noch op de gebruikte computer, noch in de cli\u00ebntgegevens.<br>3.5. In afwijking van artikel 3.4. bewaart de stichting het formulier met daarop een voor cli\u00ebnt<br>aangevraagde DIGID. Na activering van de DIGID wordt het originele formulier aan cli\u00ebnt<br>meegegeven. De stichting bewaart hiervan g\u00e9\u00e9n kopie\u00ebn en neemt de codes op geen enkele<br>wijze op in haar bestanden.<br><br><strong>Artikel 4. Verstrekte gegevens<\/strong><br>4.1. Met het stellen van een hulpvraag garandeert cli\u00ebnt dat alle voor de hulpvraag benodigde<br>gegevens juist en volledig zijn.<br>4.2. De stichting is niet verantwoordelijk voor de gevolgen van het verstrekken van onjuiste of<br>onvolledige gegevens, voor zover de stichting er van uit mocht gaan dat de gegevens juist<br>en volledig waren.<br>4.3. De stichting behandelt geen hulpvragen indien zij vermoedt dat daardoor overtredingen<br>of misdrijven worden begaan.<br>4.4. De stichting verleent geen medewerking aan misbruik van regelingen, onder welke naam dan<br>ook.<br><br><strong>Artikel 5. Gedragsregels<\/strong><br>5.1. Cli\u00ebnten dienen zich correct te gedragen jegens de medewerkers van de stichting. Als ondanks<br>verzoeken daartoe cli\u00ebnt zich herhaaldelijk niet correct gedraagt, wordt het gesprek be\u00ebindigd<br>en kan cli\u00ebnt door het bestuur van verdere hulpverlening uitgesloten worden.<br>5.2. Indien een cli\u00ebnt een afspraak niet kan nakomen, meldt hij dit zo spoedig mogelijk aan de<br>stichting, bij voorkeur minimaal 24 uur van tevoren.<br>5.3. Indien een cli\u00ebnt tweemaal niet is verschenen op afspraak zonder deze tijdig te annuleren<br>ontvangt hij een waarschuwingsbrief.<br>5.4. Indien een cli\u00ebnt driemaal niet is verschenen op een afspraak zonder deze tijdig te annuleren<br>wordt deze gedurende 12 maanden van verdere hulpverlening uitgesloten.<br>5.5. De maatregelen genoemd bij punt 5.1 en 5.4 worden schriftelijk aan cli\u00ebnt medegedeeld.<br>5.6. Medewerkers van de stichting zijn gebonden aan de afzonderlijke gedragscode voor<br>vrijwilligers.<br>5.7. Indien een cli\u00ebnt meer dan 15 minuten (10 minuten voor halfuurs-afspraken) te laat op een<br>afspraak verschijnt, dient een nieuwe afspraak gemaakt te worden.<br><br><strong>Artikel 6. Gegevensopslag<\/strong><br>6.1. De stichting bewaart persoonsgegevens van cli\u00ebnten voor zover dit nodig is voor een correcte<br>uitvoering van haar taken.<br>6.2. Welke gegevens worden opgeslagen en op welke wijze is geregeld in het Privacybeleid van<br>de stichting. Dit beleid is te raadplegen op de website en kan op verzoek van cli\u00ebnt worden<br>verstrekt.<br><br><strong>Artikel 7. Slotbepalingen<\/strong><br>7.1. Indien een cli\u00ebnt ontevreden is over de dienstverlening kan een klacht worden ingediend zoals<br>beschreven in de Klachtenregeling van de stichting.<br>7.2. Voor het maken van kopie\u00ebn of afdrukken voor cli\u00ebnt zijn kosten verschuldigd naar een door<br>het bestuur te bepalen en duidelijk kenbaar gemaakt tarief.<br>7.3. Door gebruik te maken van de diensten van de stichting gaat cli\u00ebnt stilzwijgend akkoord met<br>deze algemene voorwaarden.<br><\/p>\n\n\n\n<p>Versie 9 maart 2019<\/p>\n\n\n\n<p><\/p>\n","protected":false},"excerpt":{"rendered":"<p>Algemene voorwaarden Stimos hulpverlening Artikel 1. BegripsbepalingenDe stichting : Stichting Maatschappelijk Opbouwwerk Spijkenisse, werkend onder denaam \u201cSTIMOS hulpverlening\u201dCli\u00ebnt : Natuurlijke personen die zich met een hulpvraag tot de stichtingwenden endie woonachtig zijn in de gemeenten Nissewaard of BrielleHulpvraag : een vraag omadvies of hulp van een cli\u00ebnt.Werkgebied : Het werkgebied van de stichting bestaat uit [&hellip;]<\/p>\n","protected":false},"author":1,"featured_media":0,"parent":0,"menu_order":0,"comment_status":"closed","ping_status":"closed","template":"","meta":{"footnotes":""},"class_list":["post-14","page","type-page","status-publish","hentry"],"_links":{"self":[{"href":"https:\/\/www.stimos.org\/index.php?rest_route=\/wp\/v2\/pages\/14","targetHints":{"allow":["GET"]}}],"collection":[{"href":"https:\/\/www.stimos.org\/index.php?rest_route=\/wp\/v2\/pages"}],"about":[{"href":"https:\/\/www.stimos.org\/index.php?rest_route=\/wp\/v2\/types\/page"}],"author":[{"embeddable":true,"href":"https:\/\/www.stimos.org\/index.php?rest_route=\/wp\/v2\/users\/1"}],"replies":[{"embeddable":true,"href":"https:\/\/www.stimos.org\/index.php?rest_route=%2Fwp%2Fv2%2Fcomments&post=14"}],"version-history":[{"count":3,"href":"https:\/\/www.stimos.org\/index.php?rest_route=\/wp\/v2\/pages\/14\/revisions"}],"predecessor-version":[{"id":57,"href":"https:\/\/www.stimos.org\/index.php?rest_route=\/wp\/v2\/pages\/14\/revisions\/57"}],"wp:attachment":[{"href":"https:\/\/www.stimos.org\/index.php?rest_route=%2Fwp%2Fv2%2Fmedia&parent=14"}],"curies":[{"name":"wp","href":"https:\/\/api.w.org\/{rel}","templated":true}]}}